{"id":1115,"date":"2018-03-21T15:07:42","date_gmt":"2018-03-21T15:07:42","guid":{"rendered":"https:\/\/rootsandhorizonsdev.co.uk\/cartref\/"},"modified":"2024-04-12T10:06:56","modified_gmt":"2024-04-12T10:06:56","slug":"cartref","status":"publish","type":"page","link":"https:\/\/nmwtra.wales\/cy\/","title":{"rendered":"Hafan"},"content":{"rendered":"<div class=\"wpb-content-wrapper\"><p>[vc_row css_animation=&#8221;&#8221; row_type=&#8221;row&#8221; use_row_as_full_screen_section=&#8221;no&#8221; type=&#8221;grid&#8221; angled_section=&#8221;no&#8221; text_align=&#8221;center&#8221; background_image_as_pattern=&#8221;without_pattern&#8221; z_index=&#8221;&#8221;][vc_column]<div class=\"eb-video-popup\" style=\"background: #ffffff\" data-video=\"https:\/\/nmwtra.wales\/wp-content\/uploads\/2023\/11\/NMWTRA_CYM_V3_SUB.mp4\" data-webm=\"\"><div class=\"eb-video-preview\" style=\"background-image: url('https:\/\/nmwtra.wales\/wp-content\/uploads\/2024\/01\/nmwtra-staff-copy.jpg');\"><\/div><div class=\"eb-video-wrapper\"><a href=\"#\"><\/a><span class=\"eb-play-button\"><svg style=\"fill: #ffffff !important;\" xmlns=\"http:\/\/www.w3.org\/2000\/svg\" width=\"50\" height=\"50\" viewBox=\"0 0 40 40\"><path d=\"M16 29l12-9-12-9v18zm4-29C8.95 0 0 8.95 0 20s8.95 20 20 20 20-8.95 20-20S31.05 0 20 0zm0 36c-8.82 0-16-7.18-16-16S11.18 4 20 4s16 7.18 16 16-7.18 16-16 16z\"\/><\/svg><\/span><\/div><\/div>[\/vc_column][\/vc_row][vc_row css_animation=&#8221;&#8221; row_type=&#8221;row&#8221; use_row_as_full_screen_section=&#8221;no&#8221; type=&#8221;grid&#8221; angled_section=&#8221;no&#8221; text_align=&#8221;left&#8221; background_image_as_pattern=&#8221;without_pattern&#8221; z_index=&#8221;&#8221;][vc_column width=&#8221;1\/2&#8243; css=&#8221;.vc_custom_1704293970109{padding-top: -126px !important;}&#8221;][vc_column_text]<\/p>\n<h1 style=\"text-align: left;\"><strong>Pwy ydym ni<\/strong><\/h1>\n<p>[\/vc_column_text][vc_empty_space][vc_column_text]<\/p>\n<h4 style=\"text-align: left;\">Rydym yn gyfrifol am reoli, cynnal a gwella&#8217;r priffyrdd A strategol, a elwir yn gefnffyrdd, ar ran Llywodraeth Cymru.<\/h4>\n<p>[\/vc_column_text][vc_empty_space height=&#8221;16px&#8221;][vc_column_text]<\/p>\n<h4>Mae pawb sy&#8217;n gweithio yn Asiant Cefnffyrdd Gogledd a Chanolbarth Cymru, o&#8217;r rhai sy&#8217;n gwella&#8217;r rhwydwaith ffyrdd strategol i&#8217;r rhai sy&#8217;n ei batrolio, yn chwarae rhan hanfodol wrth lunio dyfodol teithiau yng Nghymru a chadw ein defnyddwyr ffyrdd yn ddiogel.<\/h4>\n<p>[\/vc_column_text][vc_empty_space height=&#8221;16px&#8221;][\/vc_column][vc_column width=&#8221;1\/2&#8243;][vc_column_text]<\/p>\n<h1 style=\"text-align: left;\"><strong>Pam ymuno \u00e2 ni?<\/strong><\/h1>\n<p>[\/vc_column_text][vc_empty_space]<div class='q_list circle normal'><\/p>\n<ul>\n<li><strong>Effaith ystyrlon:<\/strong>\n<p style=\"color: #6a6a6a;\">Cyfrannu at wella priffyrdd A, wrth gael effaith gadarnhaol ar fywydau cymunedau yng Ngogledd a Chanolbarth Cymru.<\/p>\n<\/li>\n<li><strong>Arloesedd:<\/strong>\n<p style=\"color: #6a6a6a;\">Byddwch yn rhan o d\u00eem blaengar sy&#8217;n croesawy technolegau arloesol ac arferion cynaliadwy.<\/p>\n<\/li>\n<li><strong><strong>Diwylliant Cydweithredol:<br \/>\n<\/strong><\/strong><\/p>\n<p style=\"color: #6a6a6a;\">Gweithio mewn amgylchedd cynhwysol lle mae cydweithio a gwaith t\u00eem yn cael eu dathlu.<\/p>\n<\/li>\n<li><strong>Twf Proffesiynol:<\/strong>\n<p style=\"color: #6a6a6a;\">Rydym yn buddsoddi yn natblygiad ein gweithwyr, gan ddarparu cyfleoedd ar gyfer datblygu gyrfa a gwella sgiliau.<\/p>\n<\/li>\n<\/ul>\n<p><\/div>[\/vc_column][\/vc_row][vc_row css_animation=&#8221;&#8221; row_type=&#8221;row&#8221; use_row_as_full_screen_section=&#8221;no&#8221; type=&#8221;grid&#8221; angled_section=&#8221;no&#8221; text_align=&#8221;left&#8221; background_image_as_pattern=&#8221;without_pattern&#8221; z_index=&#8221;&#8221;][vc_column css=&#8221;.vc_custom_1704293970109{padding-top: -126px !important;}&#8221;][vc_empty_space][vc_separator type=&#8221;normal&#8221; color=&#8221;#005128&#8243; thickness=&#8221;3px&#8221; down=&#8221;32&#8243;][vc_empty_space][\/vc_column][\/vc_row][vc_row css_animation=&#8221;&#8221; row_type=&#8221;row&#8221; use_row_as_full_screen_section=&#8221;no&#8221; type=&#8221;grid&#8221; angled_section=&#8221;no&#8221; text_align=&#8221;left&#8221; background_image_as_pattern=&#8221;without_pattern&#8221; z_index=&#8221;&#8221;][vc_column][vc_column_text]<\/p>\n<h1><strong>Y bobl tu \u00f4l i&#8217;r asiant<\/strong><\/h1>\n<p>[\/vc_column_text][vc_empty_space][\/vc_column][\/vc_row][vc_row css_animation=&#8221;&#8221; row_type=&#8221;row&#8221; use_row_as_full_screen_section=&#8221;no&#8221; type=&#8221;full_width&#8221; angled_section=&#8221;no&#8221; text_align=&#8221;left&#8221; background_image_as_pattern=&#8221;without_pattern&#8221; z_index=&#8221;&#8221; side_padding=&#8221;15&#8243;][vc_column width=&#8221;1\/3&#8243;][vc_single_image image=&#8221;805&#8243; alignment=&#8221;center&#8221; style=&#8221;vc_box_border_circle_2&#8243; qode_css_animation=&#8221;&#8221;][vc_row_inner row_type=&#8221;row&#8221; type=&#8221;full_width&#8221; text_align=&#8221;left&#8221; css_animation=&#8221;&#8221; css=&#8221;.vc_custom_1703150570995{border-radius: 4px !important;}&#8221;][vc_column_inner css=&#8221;.vc_custom_1703150519537{background-color: #e8e8e8 !important;border-radius: 4px !important;}&#8221;][vc_empty_space height=&#8221;1px&#8221;][vc_column_text]<em>\u201cMae&#8217;r diwylliant o fewn ACGCC yn un cadarnhaol iawn. Mae pawb yn gyfeillgar iawn ac mae&#8217;n lle eithaf deinamig i weithio. Mae pobl eisiau gwella nid yn unig eu hunain ond yr asiantaeth.\u201d<\/em>[\/vc_column_text][vc_empty_space height=&#8221;12px&#8221;][vc_column_text]<\/p>\n<p style=\"text-align: center;\"><em>Rheolwr Iechyd a Diogelwch ac Amgylcheddol<\/em><\/p>\n<p>[\/vc_column_text][vc_empty_space][\/vc_column_inner][\/vc_row_inner][\/vc_column][vc_column width=&#8221;1\/3&#8243; css=&#8221;.vc_custom_1703150346050{padding-right: 6px !important;padding-left: 6px !important;}&#8221;][vc_single_image image=&#8221;813&#8243; alignment=&#8221;center&#8221; style=&#8221;vc_box_border_circle_2&#8243; qode_css_animation=&#8221;&#8221;][vc_row_inner row_type=&#8221;row&#8221; type=&#8221;full_width&#8221; text_align=&#8221;left&#8221; css_animation=&#8221;&#8221; css=&#8221;.vc_custom_1703150600562{border-radius: 4px !important;}&#8221;][vc_column_inner css=&#8221;.vc_custom_1703150245138{background-color: #e8e8e8 !important;}&#8221;][vc_empty_space height=&#8221;1px&#8221;][vc_column_text]<em>\u201cMae&#8217;n ffordd wych o weithio a gallu aros yn eich ardal leol, heb orfod symud i ffwrdd o Gymru. Mae&#8217;n ymdeimlad mawr o falchder pan fyddwch chi&#8217;n gweld go iawn bod damweiniau&#8217;n lleihau.\u201d<\/em>[\/vc_column_text][vc_empty_space height=&#8221;12px&#8221;][vc_column_text]<\/p>\n<p style=\"text-align: center;\"><em>Rheolwr Prosiect a Rhaglen Asedau Technoleg<\/em><\/p>\n<p>[\/vc_column_text][vc_empty_space][\/vc_column_inner][\/vc_row_inner][\/vc_column][vc_column width=&#8221;1\/3&#8243;][vc_single_image image=&#8221;781&#8243; alignment=&#8221;center&#8221; style=&#8221;vc_box_border_circle_2&#8243; qode_css_animation=&#8221;&#8221;][vc_row_inner row_type=&#8221;row&#8221; type=&#8221;full_width&#8221; text_align=&#8221;left&#8221; css_animation=&#8221;&#8221;][vc_column_inner css=&#8221;.vc_custom_1703150254995{background-color: #e8e8e8 !important;}&#8221;][vc_empty_space height=&#8221;1px&#8221;][vc_column_text css=&#8221;.vc_custom_1705424125805{border-radius: 2px !important;}&#8221;]<em>\u201c\u2019Mae&#8217;n swydd ddelfrydol, os ydw i&#8217;n bod yn onest gyda chi. Rwy&#8217;n cael fy nhalu am rywbeth rwy&#8217;n mwynhau ei wneud ac yn awyddus iawn i ddod i&#8217;r gwaith, ac rwy&#8217;n ceisio gwneud gwahaniaeth i&#8217;m hardal.&#8221;<\/em>[\/vc_column_text][vc_empty_space height=&#8221;12px&#8221;][vc_column_text]<\/p>\n<p style=\"text-align: center;\"><em>Rheolwr Llwybr Cynorthwyol<\/em><\/p>\n<p>[\/vc_column_text][vc_empty_space][\/vc_column_inner][\/vc_row_inner][\/vc_column][\/vc_row][vc_row css_animation=&#8221;&#8221; row_type=&#8221;row&#8221; use_row_as_full_screen_section=&#8221;no&#8221; type=&#8221;grid&#8221; angled_section=&#8221;no&#8221; text_align=&#8221;left&#8221; background_image_as_pattern=&#8221;without_pattern&#8221; z_index=&#8221;&#8221;][vc_column][vc_empty_space height=&#8221;52px&#8221;][\/vc_column][\/vc_row][vc_row css_animation=&#8221;&#8221; row_type=&#8221;row&#8221; use_row_as_full_screen_section=&#8221;no&#8221; type=&#8221;full_width&#8221; angled_section=&#8221;no&#8221; text_align=&#8221;left&#8221; background_image_as_pattern=&#8221;without_pattern&#8221; z_index=&#8221;&#8221; side_padding=&#8221;15&#8243;][vc_column width=&#8221;1\/3&#8243;][vc_single_image image=&#8221;809&#8243; alignment=&#8221;center&#8221; style=&#8221;vc_box_border_circle_2&#8243; qode_css_animation=&#8221;&#8221;][vc_row_inner row_type=&#8221;row&#8221; type=&#8221;full_width&#8221; text_align=&#8221;left&#8221; css_animation=&#8221;&#8221;][vc_column_inner css=&#8221;.vc_custom_1703150875749{background-color: #e8e8e8 !important;}&#8221;][vc_empty_space height=&#8221;1px&#8221;][vc_column_text]<em>&#8220;Rwyf wrth fy modd \u00e2&#8217;r ap\u00eal o beidio \u00e2 gwybod beth fyddwch chi&#8217;n ei wynebu y diwrnod hwnnw. Gweithio y tu allan a helpu pobl. Gyrru\u2019r t\u00eem ymlaen i gyflawni&#8217;r nod uchod wrth gynnal diogelwch.&#8221;<\/em>[\/vc_column_text][vc_empty_space height=&#8221;12px&#8221;][vc_column_text]<\/p>\n<p style=\"text-align: center;\"><em>Rheolwr T\u00eem Gweithrediadau<\/em><\/p>\n<p>[\/vc_column_text][vc_empty_space][vc_empty_space height=&#8221;24px&#8221;][\/vc_column_inner][\/vc_row_inner][\/vc_column][vc_column width=&#8221;1\/3&#8243;][vc_single_image image=&#8221;807&#8243; alignment=&#8221;center&#8221; style=&#8221;vc_box_border_circle_2&#8243; qode_css_animation=&#8221;&#8221;][vc_row_inner row_type=&#8221;row&#8221; type=&#8221;full_width&#8221; text_align=&#8221;left&#8221; css_animation=&#8221;&#8221;][vc_column_inner css=&#8221;.vc_custom_1703150885996{background-color: #e8e8e8 !important;}&#8221;][vc_empty_space height=&#8221;1px&#8221;][vc_column_text]<em>&#8220;Rwy&#8217;n credu bod y gwaith y mae&#8217;r asiantaeth yn ei wneud yn hanfodol. Dwi ddim yn meddwl bod pobl yn sylweddoli pa mor bwysig ydy o, wrth gael pobl i ysgolion, ysbytai. Nid yw&#8217;r gwaith yn ymwneud \u00e2 ffyrdd yn unig. Mae&#8217;n hanfodol i fywyd bob dydd.&#8221;<\/em>[\/vc_column_text][vc_empty_space height=&#8221;12px&#8221;][vc_column_text]<\/p>\n<p style=\"text-align: center;\"><em>Rheolwr Prosiectau a Rhaglenni DBFO<\/em><\/p>\n<p>[\/vc_column_text][vc_empty_space][\/vc_column_inner][\/vc_row_inner][\/vc_column][vc_column width=&#8221;1\/3&#8243;][vc_single_image image=&#8221;815&#8243; alignment=&#8221;center&#8221; style=&#8221;vc_box_border_circle_2&#8243; qode_css_animation=&#8221;&#8221;][vc_row_inner row_type=&#8221;row&#8221; type=&#8221;full_width&#8221; text_align=&#8221;left&#8221; css_animation=&#8221;&#8221;][vc_column_inner css=&#8221;.vc_custom_1703150230995{background-color: #e8e8e8 !important;}&#8221;][vc_empty_space height=&#8221;1px&#8221;][vc_column_text]<em>&#8220;Does dim byd na allwch ei gyflawni yn y swydd hon gydag ychydig o hyfforddiant ac ychydig o anogaeth.&#8221;<\/em>[\/vc_column_text][vc_empty_space height=&#8221;12px&#8221;][vc_column_text]<\/p>\n<p style=\"text-align: center;\"><em>Swyddog Traffig<\/em><\/p>\n<p>[\/vc_column_text][vc_empty_space height=&#8221;104px&#8221;][\/vc_column_inner][\/vc_row_inner][\/vc_column][\/vc_row][vc_row css_animation=&#8221;&#8221; row_type=&#8221;row&#8221; use_row_as_full_screen_section=&#8221;no&#8221; type=&#8221;grid&#8221; angled_section=&#8221;no&#8221; text_align=&#8221;left&#8221; background_image_as_pattern=&#8221;without_pattern&#8221; z_index=&#8221;&#8221;][vc_column][vc_empty_space][vc_separator type=&#8221;normal&#8221; color=&#8221;#005128&#8243; thickness=&#8221;3px&#8221;][vc_empty_space][vc_empty_space][\/vc_column][\/vc_row][vc_row css_animation=&#8221;&#8221; row_type=&#8221;row&#8221; use_row_as_full_screen_section=&#8221;no&#8221; type=&#8221;grid&#8221; angled_section=&#8221;no&#8221; text_align=&#8221;left&#8221; background_image_as_pattern=&#8221;without_pattern&#8221; z_index=&#8221;&#8221; css=&#8221;.vc_custom_1521795036973{padding-bottom: 60px !important;}&#8221;][vc_column offset=&#8221;vc_col-md-6&#8243;][qode_elements_holder number_of_columns=&#8221;one_column&#8221;][qode_elements_holder_item advanced_animations=&#8221;no&#8221; custom_class=&#8221;eh-shadow&#8221;][vc_single_image image=&#8221;993&#8243; img_size=&#8221;full&#8221; qode_css_animation=&#8221;&#8221;][\/qode_elements_holder_item][\/qode_elements_holder][vc_empty_space height=&#8221;40px&#8221;][\/vc_column][vc_column offset=&#8221;vc_col-md-6&#8243;][vc_empty_space][vc_empty_space][qode_elements_holder number_of_columns=&#8221;one_column&#8221;][qode_elements_holder_item advanced_animations=&#8221;no&#8221; item_padding=&#8221;0px 0px 0px 2%&#8221; item_padding_768_1024=&#8221;0px&#8221; item_padding_600_768=&#8221;0px&#8221; item_padding_480_600=&#8221;0px&#8221; item_padding_480=&#8221;0px&#8221;][vc_column_text]<\/p>\n<h3 style=\"text-align: left;\">Swyddi gwag<\/h3>\n<p>[\/vc_column_text][vc_empty_space height=&#8221;40px&#8221;][vc_column_text]<\/p>\n<h4>Os ydych chi&#8217;n angerddol am eich gwaith ac am gael effaith gadarnhaol yng Ngogledd a Chanolbarth Cymru, darganfyddwch fwy am weithio gyda ni isod.<\/h4>\n<p>[\/vc_column_text][vc_empty_space height=&#8221;40px&#8221;]<a  itemprop=\"url\" href=\"https:\/\/nmwtra.wales\/cy\/swyddi-gweigion-presennol\/\" target=\"_self\" data-hover-background-color='#9c1420' data-hover-color='#ffffff' class=\"qbutton  medium center default\" style=\"color: #ffffff; background-color: #005128;\">Chwiliwch<\/a>[\/qode_elements_holder_item][\/qode_elements_holder][\/vc_column][\/vc_row][vc_row css_animation=&#8221;&#8221; row_type=&#8221;row&#8221; use_row_as_full_screen_section=&#8221;no&#8221; type=&#8221;full_width&#8221; angled_section=&#8221;no&#8221; text_align=&#8221;left&#8221; background_image_as_pattern=&#8221;without_pattern&#8221;][vc_column][vc_empty_space][vc_empty_space][vc_empty_space][\/vc_column][\/vc_row]<\/p>\n<\/div>","protected":false},"excerpt":{"rendered":"<p>[vc_row css_animation=&#8221;&#8221; row_type=&#8221;row&#8221; use_row_as_full_screen_section=&#8221;no&#8221; type=&#8221;grid&#8221; angled_section=&#8221;no&#8221; text_align=&#8221;center&#8221; background_image_as_pattern=&#8221;without_pattern&#8221; z_index=&#8221;&#8221;][vc_column][\/vc_column][\/vc_row][vc_row css_animation=&#8221;&#8221; row_type=&#8221;row&#8221; use_row_as_full_screen_section=&#8221;no&#8221; type=&#8221;grid&#8221; angled_section=&#8221;no&#8221; text_align=&#8221;left&#8221; background_image_as_pattern=&#8221;without_pattern&#8221; z_index=&#8221;&#8221;][vc_column width=&#8221;1\/2&#8243; css=&#8221;.vc_custom_1704293970109{padding-top: -126px !important;}&#8221;][vc_column_text] Pwy ydym ni [\/vc_column_text][vc_empty_space][vc_column_text] Rydym yn gyfrifol am reoli, cynnal a gwella&#8217;r priffyrdd A strategol, a elwir yn gefnffyrdd, ar ran Llywodraeth Cymru. [\/vc_column_text][vc_empty_space&#8230;<\/p>\n","protected":false},"author":1,"featured_media":0,"parent":0,"menu_order":0,"comment_status":"closed","ping_status":"closed","template":"full_width.php","meta":{"_stc_notifier_status":"","_stc_notifier_sent_time":"","_stc_notifier_request":false,"_stc_notifier_prevent":false,"_stc_subscriber_keywords":"","_stc_subscriber_search_areas":"","footnotes":""},"class_list":["post-1115","page","type-page","status-publish","hentry"],"_links":{"self":[{"href":"https:\/\/nmwtra.wales\/cy\/wp-json\/wp\/v2\/pages\/1115","targetHints":{"allow":["GET"]}}],"collection":[{"href":"https:\/\/nmwtra.wales\/cy\/wp-json\/wp\/v2\/pages"}],"about":[{"href":"https:\/\/nmwtra.wales\/cy\/wp-json\/wp\/v2\/types\/page"}],"author":[{"embeddable":true,"href":"https:\/\/nmwtra.wales\/cy\/wp-json\/wp\/v2\/users\/1"}],"replies":[{"embeddable":true,"href":"https:\/\/nmwtra.wales\/cy\/wp-json\/wp\/v2\/comments?post=1115"}],"version-history":[{"count":11,"href":"https:\/\/nmwtra.wales\/cy\/wp-json\/wp\/v2\/pages\/1115\/revisions"}],"predecessor-version":[{"id":1256,"href":"https:\/\/nmwtra.wales\/cy\/wp-json\/wp\/v2\/pages\/1115\/revisions\/1256"}],"wp:attachment":[{"href":"https:\/\/nmwtra.wales\/cy\/wp-json\/wp\/v2\/media?parent=1115"}],"curies":[{"name":"wp","href":"https:\/\/api.w.org\/{rel}","templated":true}]}}